{"id":17,"date":"2023-05-12T00:43:43","date_gmt":"2023-05-12T00:43:43","guid":{"rendered":"https:\/\/puntapacifico-mancora.com\/?page_id=17"},"modified":"2024-10-16T17:01:51","modified_gmt":"2024-10-16T17:01:51","slug":"blog","status":"publish","type":"page","link":"https:\/\/puntapacifico-mancora.com\/index.php\/blog\/","title":{"rendered":"Blog"},"content":{"rendered":"\n<div class=\"wp-block-query is-layout-flow\"><ul class=\"wp-block-post-template is-layout-flow\"><li class=\"wp-block-post post-111 post type-post status-publish format-standard has-post-thumbnail hentry category-prensa category-turismo-y-viajes tag-destinosdeplaya tag-mancora tag-oscardelturismo tag-peruturistico tag-playasdeperu tag-turismomancora tag-turismosudamerica tag-vacacionesenperu tag-votapormancora tag-worldtravelawards\">\n<h2 class=\"has-link-color has-text-color has-contrast-color wp-block-post-title wp-elements-f10cc0d9910757554ca130c1523bcc16\"><a href=\"https:\/\/puntapacifico-mancora.com\/index.php\/2023\/05\/12\/mancora-es-nominada-a-los-world-travel-awards-2023-los-oscar-del-turismo\/\" target=\"_self\" >M\u00e1ncora es nominada a los World Travel Awards 2023, los &#8216;Oscar del turismo&#8217;<\/a><\/h2>\n\n<div class=\"wp-block-post-excerpt\"><p class=\"wp-block-post-excerpt__excerpt\">M\u00e1ncora ha sido nominada como mejor destino de playa de Sudam\u00e9rica en los World Travel Awards 2023, considerados los &#8216;Oscar del turismo&#8217;. Este concurso, el m\u00e1s importante de la industria del turismo, celebra la excelencia en todos los sectores del rubro. Los ganadores son elegidos mediante votaci\u00f3n virtual por el p\u00fablico en general y profesionales especializados. \u00a1Vota por M\u00e1ncora, el atractivo del norte del Per\u00fa, y ay\u00fadanos a ganar!<\/p><p class=\"wp-block-post-excerpt__more-text\"><a class=\"wp-block-post-excerpt__more-link\" href=\"https:\/\/puntapacifico-mancora.com\/index.php\/2023\/05\/12\/mancora-es-nominada-a-los-world-travel-awards-2023-los-oscar-del-turismo\/\">Leer m\u00e1s <\/a><\/p><\/div>\n\n\n<hr class=\"wp-block-separator has-css-opacity\"\/>\n\n\n<div class=\"wp-block-post-date\"><time datetime=\"2023-05-12T21:03:53+00:00\">May 12, 2023<\/time><\/div>\n<\/li><li class=\"wp-block-post post-115 post type-post status-publish format-standard has-post-thumbnail hentry category-informacion-y-recomendaciones category-turismo-y-viajes tag-actividades-en-la-playa tag-costa-norte-del-peru tag-ecoturismo tag-mancora tag-paseo-a-caballo tag-paseos-en-cuatrimotos tag-paseos-en-motos-acuaticas tag-playas-peruanas tag-turismo-en-peru tag-vacaciones-en-sudamerica\">\n<h2 class=\"has-link-color has-text-color has-contrast-color wp-block-post-title wp-elements-f10cc0d9910757554ca130c1523bcc16\"><a href=\"https:\/\/puntapacifico-mancora.com\/index.php\/2023\/05\/12\/descubre-que-hacer-en-las-playas-de-mancora-una-guia-de-entretenimiento-para-tus-vacaciones\/\" target=\"_self\" >Descubre qu\u00e9 hacer en las playas de M\u00e1ncora: Una gu\u00eda de entretenimiento para tus vacaciones<\/a><\/h2>\n\n<div class=\"wp-block-post-excerpt\"><p class=\"wp-block-post-excerpt__excerpt\">M\u00e1ncora: una mezcla perfecta de aventura y relajaci\u00f3n en la costa norte del Per\u00fa\nM\u00e1ncora es uno de los destinos m\u00e1s populares de la costa norte del Per\u00fa y es f\u00e1cil ver por qu\u00e9.<\/p><p class=\"wp-block-post-excerpt__more-text\"><a class=\"wp-block-post-excerpt__more-link\" href=\"https:\/\/puntapacifico-mancora.com\/index.php\/2023\/05\/12\/descubre-que-hacer-en-las-playas-de-mancora-una-guia-de-entretenimiento-para-tus-vacaciones\/\">Leer m\u00e1s <\/a><\/p><\/div>\n\n\n<hr class=\"wp-block-separator has-css-opacity\"\/>\n\n\n<div class=\"wp-block-post-date\"><time datetime=\"2023-05-12T21:25:30+00:00\">May 12, 2023<\/time><\/div>\n<\/li><\/ul><\/div>\n","protected":false},"excerpt":{"rendered":"","protected":false},"author":1,"featured_media":0,"parent":0,"menu_order":0,"comment_status":"closed","ping_status":"closed","template":"","meta":{"_eb_attr":""},"_links":{"self":[{"href":"https:\/\/puntapacifico-mancora.com\/index.php\/wp-json\/wp\/v2\/pages\/17"}],"collection":[{"href":"https:\/\/puntapacifico-mancora.com\/index.php\/wp-json\/wp\/v2\/pages"}],"about":[{"href":"https:\/\/puntapacifico-mancora.com\/index.php\/wp-json\/wp\/v2\/types\/page"}],"author":[{"embeddable":true,"href":"https:\/\/puntapacifico-mancora.com\/index.php\/wp-json\/wp\/v2\/users\/1"}],"replies":[{"embeddable":true,"href":"https:\/\/puntapacifico-mancora.com\/index.php\/wp-json\/wp\/v2\/comments?post=17"}],"version-history":[{"count":3,"href":"https:\/\/puntapacifico-mancora.com\/index.php\/wp-json\/wp\/v2\/pages\/17\/revisions"}],"predecessor-version":[{"id":396,"href":"https:\/\/puntapacifico-mancora.com\/index.php\/wp-json\/wp\/v2\/pages\/17\/revisions\/396"}],"wp:attachment":[{"href":"https:\/\/puntapacifico-mancora.com\/index.php\/wp-json\/wp\/v2\/media?parent=17"}],"curies":[{"name":"wp","href":"https:\/\/api.w.org\/{rel}","templated":true}]}}